{"id":111,"date":"2016-08-18T21:55:04","date_gmt":"2016-08-18T21:55:04","guid":{"rendered":"https:\/\/headandhands2.wordpress.com\/?page_id=111"},"modified":"2025-05-02T17:26:50","modified_gmt":"2025-05-02T17:26:50","slug":"solidarity-through-action","status":"publish","type":"page","link":"https:\/\/headandhands.ca\/fr\/volunteer\/solidarity-through-action\/","title":{"rendered":"Solidarit\u00e9 par l'action"},"content":{"rendered":"<div data-elementor-type=\"wp-page\" data-elementor-id=\"111\" class=\"elementor elementor-111\">\n\t\t\t\t<div class=\"elementor-element elementor-element-c71be38 e-flex e-con-boxed e-con e-parent\" data-id=\"c71be38\" data-element_type=\"container\" data-e-type=\"container\" data-settings=\"{&quot;background_background&quot;:&quot;classic&quot;}\">\n\t\t\t\t\t<div class=\"e-con-inner\">\n\t\t<div class=\"elementor-element elementor-element-8900dc7 e-con-full e-flex e-con e-child\" data-id=\"8900dc7\" data-element_type=\"container\" data-e-type=\"container\">\n\t\t\t\t<div class=\"elementor-element elementor-element-36fe9ef elementor-widget elementor-widget-heading\" data-id=\"36fe9ef\" data-element_type=\"widget\" data-e-type=\"widget\" data-widget_type=\"heading.default\">\n\t\t\t\t<div class=\"elementor-widget-container\">\n\t\t\t\t\t<h1 class=\"elementor-heading-title elementor-size-default\">Solidarit\u00e9 par l'action<\/h1>\t\t\t\t<\/div>\n\t\t\t\t<\/div>\n\t\t\t\t<\/div>\n\t\t\t\t\t<\/div>\n\t\t\t\t<\/div>\n\t\t<div class=\"elementor-element elementor-element-00b5bb7 e-flex e-con-boxed e-con e-parent\" data-id=\"00b5bb7\" data-element_type=\"container\" data-e-type=\"container\">\n\t\t\t\t\t<div class=\"e-con-inner\">\n\t\t\t\t<div class=\"elementor-element elementor-element-045d598 elementor-widget elementor-widget-heading\" data-id=\"045d598\" data-element_type=\"widget\" data-e-type=\"widget\" data-widget_type=\"heading.default\">\n\t\t\t\t<div class=\"elementor-widget-container\">\n\t\t\t\t\t<h1 class=\"elementor-heading-title elementor-size-default\">Solidarit\u00e9 par l'action\n<\/h1>\t\t\t\t<\/div>\n\t\t\t\t<\/div>\n\t\t\t\t<div class=\"elementor-element elementor-element-3c3d377 elementor-widget-divider--view-line_icon elementor-view-default elementor-widget-divider--element-align-center elementor-widget elementor-widget-divider\" data-id=\"3c3d377\" data-element_type=\"widget\" data-e-type=\"widget\" data-widget_type=\"divider.default\">\n\t\t\t\t<div class=\"elementor-widget-container\">\n\t\t\t\t\t\t\t<div class=\"elementor-divider\">\n\t\t\t<span class=\"elementor-divider-separator\">\n\t\t\t\t\t\t\t<div class=\"elementor-icon elementor-divider__element\">\n\t\t\t\t\t<svg aria-hidden=\"true\" class=\"e-font-icon-svg e-fas-hands-helping\" viewbox=\"0 0 640 512\" xmlns=\"http:\/\/www.w3.org\/2000\/svg\"><path d=\"M488 192H336v56c0 39.7-32.3 72-72 72s-72-32.3-72-72V126.4l-64.9 39C107.8 176.9 96 197.8 96 220.2v47.3l-80 46.2C.7 322.5-4.6 342.1 4.3 357.4l80 138.6c8.8 15.3 28.4 20.5 43.7 11.7L231.4 448H368c35.3 0 64-28.7 64-64h16c17.7 0 32-14.3 32-32v-64h8c13.3 0 24-10.7 24-24v-48c0-13.3-10.7-24-24-24zm147.7-37.4L555.7 16C546.9.7 527.3-4.5 512 4.3L408.6 64H306.4c-12 0-23.7 3.4-33.9 9.7L239 94.6c-9.4 5.8-15 16.1-15 27.1V248c0 22.1 17.9 40 40 40s40-17.9 40-40v-88h184c30.9 0 56 25.1 56 56v28.5l80-46.2c15.3-8.9 20.5-28.4 11.7-43.7z\"><\/path><\/svg><\/div>\n\t\t\t\t\t\t<\/span>\n\t\t<\/div>\n\t\t\t\t\t\t<\/div>\n\t\t\t\t<\/div>\n\t\t\t\t<div class=\"elementor-element elementor-element-c0336fc elementor-widget elementor-widget-text-editor\" data-id=\"c0336fc\" data-element_type=\"widget\" data-e-type=\"widget\" data-widget_type=\"text-editor.default\">\n\t\t\t\t<div class=\"elementor-widget-container\">\n\t\t\t\t\t\t\t\t\t<p><span style=\"font-weight: 400;\">Pourquoi ne pas canaliser toute cette \u00e9nergie cr\u00e9atrice vers l\u2019organisation d\u2019un \u00e9v\u00e9nement sp\u00e9cial ou d\u2019une collecte de fonds qui profitera \u00e0 votre organisme jeunesse pr\u00e9f\u00e9r\u00e9 ? La campagne de financement de tiers de \u00c0 deux mains, Solidarit\u00e9 par l\u2019action, vous donne l\u2019occasion d\u2019organiser un \u00e9v\u00e9nement ou une campagne de financement en notre nom ! Ces activit\u00e9s de financement organis\u00e9es par des particuliers, des groupes, des entreprises, des \u00e9quipes, des \u00e9tudiant.e.s ou des organismes contribueront \u00e0 soutenir les programmes et services de base d\u2019\u00c0 deux mains tout au long de l\u2019ann\u00e9e.<\/span><\/p><p><span style=\"font-weight: 400;\">Solidarit\u00e9 par l\u2019action aide les \u00e9l\u00e8ves et le public \u00e0 organiser des campagnes de financement et des activit\u00e9s de collecte de fonds entre pairs dans leur communaut\u00e9. La collecte de fonds est l\u2019un des moyens les plus efficaces de soutenir des causes qui nous tiennent \u00e0 c\u0153ur. Ensemble, dans la solidarit\u00e9, nous pouvons contribuer au changement social.<\/span><\/p><p><span style=\"font-weight: 400;\">D\u00eeners \u00e0 th\u00e8me, quilles, ventes de p\u00e2tisseries, projections de films, randonn\u00e9es en v\u00e9lo de groupe, concerts-b\u00e9n\u00e9fice, pi\u00e8ces de th\u00e9\u00e2tre et f\u00eates d\u2019anniversaire sont autant d\u2019exemples d\u2019\u00e9v\u00e9nements que les membres de la communaut\u00e9 ont organis\u00e9s dans le pass\u00e9 au profit de \u00c0 deux mains.<\/span><\/p><p><span style=\"font-weight: 400;\">N\u2019h\u00e9sitez pas \u00e0 nous contacter avant de mettre votre plan directeur en marche, car nous avons une foule de suggestions pour vous inspirer et vous aider \u00e0 faire de votre \u00e9v\u00e9nement un succ\u00e8s. Veuillez nous contacter pour obtenir la permission d\u2019utiliser notre nom et notre logo pour votre \u00e9v\u00e9nement avant de commencer.<\/span><\/p><p>Pour de plus amples renseignements sur l\u2019organisation d\u2019un \u00e9v\u00e9nement ou d\u2019une collecte de fonds, veuillez communiquer avec Sophia, notre directrice du financement et des partenariats, \u00e0\u00a0 <span style=\"text-decoration: underline;\"><strong><a href=\"mailto:funds@headandhands.ca\">funds@headandhands.ca<\/a> <\/strong><\/span>ou au 514-481-0277.<\/p>\t\t\t\t\t\t\t\t<\/div>\n\t\t\t\t<\/div>\n\t\t\t\t\t<\/div>\n\t\t\t\t<\/div>\n\t\t\t\t<\/div>","protected":false},"excerpt":{"rendered":"<p>Solidarity Through Action Solidarity Through Action Why not channel all that creative energy toward organizing a special event or fundraiser that will benefit your favourite youth organization? Head &amp; Hands\u2019 third-party fundraising campaign, Solidarity Through Action, provides you the opportunity to organize an event or fundraising campaign on our behalf! These fundraising activities held by [&hellip;]<\/p>\n","protected":false},"author":1,"featured_media":291,"parent":103,"menu_order":0,"comment_status":"closed","ping_status":"closed","template":"","meta":{"_coblocks_attr":"","_coblocks_dimensions":"","_coblocks_responsive_height":"","_coblocks_accordion_ie_support":"","_crdt_document":"","advanced_seo_description":"","jetpack_seo_html_title":"","jetpack_seo_noindex":false,"footnotes":""},"class_list":["post-111","page","type-page","status-publish","has-post-thumbnail","hentry"],"blocksy_meta":[],"featured_image_urls_v2":{"full":["https:\/\/headandhands.ca\/wp-content\/uploads\/2018\/12\/Bringing-Youth-Into-Fundraising.jpg",960,640,false],"thumbnail":["https:\/\/headandhands.ca\/wp-content\/uploads\/2018\/12\/Bringing-Youth-Into-Fundraising-150x150.jpg",150,150,true],"medium":["https:\/\/headandhands.ca\/wp-content\/uploads\/2018\/12\/Bringing-Youth-Into-Fundraising-300x200.jpg",300,200,true],"medium_large":["https:\/\/headandhands.ca\/wp-content\/uploads\/2018\/12\/Bringing-Youth-Into-Fundraising-768x512.jpg",768,512,true],"large":["https:\/\/headandhands.ca\/wp-content\/uploads\/2018\/12\/Bringing-Youth-Into-Fundraising.jpg",960,640,false],"1536x1536":["https:\/\/headandhands.ca\/wp-content\/uploads\/2018\/12\/Bringing-Youth-Into-Fundraising.jpg",960,640,false],"2048x2048":["https:\/\/headandhands.ca\/wp-content\/uploads\/2018\/12\/Bringing-Youth-Into-Fundraising.jpg",960,640,false],"trp-custom-language-flag":["https:\/\/headandhands.ca\/wp-content\/uploads\/2018\/12\/Bringing-Youth-Into-Fundraising.jpg",18,12,false],"newspack-article-block-landscape-large":["https:\/\/headandhands.ca\/wp-content\/uploads\/2018\/12\/Bringing-Youth-Into-Fundraising.jpg",960,640,false],"newspack-article-block-portrait-large":["https:\/\/headandhands.ca\/wp-content\/uploads\/2018\/12\/Bringing-Youth-Into-Fundraising.jpg",900,600,false],"newspack-article-block-square-large":["https:\/\/headandhands.ca\/wp-content\/uploads\/2018\/12\/Bringing-Youth-Into-Fundraising.jpg",960,640,false],"newspack-article-block-landscape-medium":["https:\/\/headandhands.ca\/wp-content\/uploads\/2018\/12\/Bringing-Youth-Into-Fundraising.jpg",800,533,false],"newspack-article-block-portrait-medium":["https:\/\/headandhands.ca\/wp-content\/uploads\/2018\/12\/Bringing-Youth-Into-Fundraising.jpg",600,400,false],"newspack-article-block-square-medium":["https:\/\/headandhands.ca\/wp-content\/uploads\/2018\/12\/Bringing-Youth-Into-Fundraising.jpg",800,533,false],"newspack-article-block-landscape-intermediate":["https:\/\/headandhands.ca\/wp-content\/uploads\/2018\/12\/Bringing-Youth-Into-Fundraising.jpg",600,400,false],"newspack-article-block-portrait-intermediate":["https:\/\/headandhands.ca\/wp-content\/uploads\/2018\/12\/Bringing-Youth-Into-Fundraising.jpg",450,300,false],"newspack-article-block-square-intermediate":["https:\/\/headandhands.ca\/wp-content\/uploads\/2018\/12\/Bringing-Youth-Into-Fundraising.jpg",600,400,false],"newspack-article-block-landscape-small":["https:\/\/headandhands.ca\/wp-content\/uploads\/2018\/12\/Bringing-Youth-Into-Fundraising.jpg",400,267,false],"newspack-article-block-portrait-small":["https:\/\/headandhands.ca\/wp-content\/uploads\/2018\/12\/Bringing-Youth-Into-Fundraising.jpg",300,200,false],"newspack-article-block-square-small":["https:\/\/headandhands.ca\/wp-content\/uploads\/2018\/12\/Bringing-Youth-Into-Fundraising.jpg",400,267,false],"newspack-article-block-landscape-tiny":["https:\/\/headandhands.ca\/wp-content\/uploads\/2018\/12\/Bringing-Youth-Into-Fundraising.jpg",200,133,false],"newspack-article-block-portrait-tiny":["https:\/\/headandhands.ca\/wp-content\/uploads\/2018\/12\/Bringing-Youth-Into-Fundraising.jpg",150,100,false],"newspack-article-block-square-tiny":["https:\/\/headandhands.ca\/wp-content\/uploads\/2018\/12\/Bringing-Youth-Into-Fundraising.jpg",200,133,false],"newspack-article-block-uncropped":["https:\/\/headandhands.ca\/wp-content\/uploads\/2018\/12\/Bringing-Youth-Into-Fundraising.jpg",960,640,false]},"post_excerpt_stackable_v2":"<p>Solidarity Through Action Solidarity Through Action Why not channel all that creative energy toward organizing a special event or fundraiser that will benefit your favourite youth organization? Head &amp; Hands\u2019 third-party fundraising campaign, Solidarity Through Action, provides you the opportunity to organize an event or fundraising campaign on our behalf! These fundraising activities held by individuals, groups, businesses, teams, students, or organizations will help support Head &amp; Hands\u2019 core programs and services all year long.Solidarity Through Action supports students and the public in leading peer-to-peer fundraising campaigns and events in their communities. Fundraising is one of the most effective ways&hellip;<\/p>\n","category_list_v2":"","author_info_v2":{"name":"headandhands","url":"https:\/\/headandhands.ca\/fr\/author\/headandhands2\/"},"comments_num_v2":"0 comments","jetpack_sharing_enabled":false,"jetpack_shortlink":"https:\/\/wp.me\/P7ODCb-1N","jetpack-related-posts":[],"brizy_media":[],"rttpg_featured_image_url":{"full":["https:\/\/headandhands.ca\/wp-content\/uploads\/2018\/12\/Bringing-Youth-Into-Fundraising.jpg",960,640,false],"landscape":["https:\/\/headandhands.ca\/wp-content\/uploads\/2018\/12\/Bringing-Youth-Into-Fundraising.jpg",960,640,false],"portraits":["https:\/\/headandhands.ca\/wp-content\/uploads\/2018\/12\/Bringing-Youth-Into-Fundraising.jpg",960,640,false],"thumbnail":["https:\/\/headandhands.ca\/wp-content\/uploads\/2018\/12\/Bringing-Youth-Into-Fundraising-150x150.jpg",150,150,true],"medium":["https:\/\/headandhands.ca\/wp-content\/uploads\/2018\/12\/Bringing-Youth-Into-Fundraising-300x200.jpg",300,200,true],"large":["https:\/\/headandhands.ca\/wp-content\/uploads\/2018\/12\/Bringing-Youth-Into-Fundraising.jpg",960,640,false],"1536x1536":["https:\/\/headandhands.ca\/wp-content\/uploads\/2018\/12\/Bringing-Youth-Into-Fundraising.jpg",960,640,false],"2048x2048":["https:\/\/headandhands.ca\/wp-content\/uploads\/2018\/12\/Bringing-Youth-Into-Fundraising.jpg",960,640,false],"trp-custom-language-flag":["https:\/\/headandhands.ca\/wp-content\/uploads\/2018\/12\/Bringing-Youth-Into-Fundraising.jpg",18,12,false],"newspack-article-block-landscape-large":["https:\/\/headandhands.ca\/wp-content\/uploads\/2018\/12\/Bringing-Youth-Into-Fundraising.jpg",960,640,false],"newspack-article-block-portrait-large":["https:\/\/headandhands.ca\/wp-content\/uploads\/2018\/12\/Bringing-Youth-Into-Fundraising.jpg",900,600,false],"newspack-article-block-square-large":["https:\/\/headandhands.ca\/wp-content\/uploads\/2018\/12\/Bringing-Youth-Into-Fundraising.jpg",960,640,false],"newspack-article-block-landscape-medium":["https:\/\/headandhands.ca\/wp-content\/uploads\/2018\/12\/Bringing-Youth-Into-Fundraising.jpg",800,533,false],"newspack-article-block-portrait-medium":["https:\/\/headandhands.ca\/wp-content\/uploads\/2018\/12\/Bringing-Youth-Into-Fundraising.jpg",600,400,false],"newspack-article-block-square-medium":["https:\/\/headandhands.ca\/wp-content\/uploads\/2018\/12\/Bringing-Youth-Into-Fundraising.jpg",800,533,false],"newspack-article-block-landscape-intermediate":["https:\/\/headandhands.ca\/wp-content\/uploads\/2018\/12\/Bringing-Youth-Into-Fundraising.jpg",600,400,false],"newspack-article-block-portrait-intermediate":["https:\/\/headandhands.ca\/wp-content\/uploads\/2018\/12\/Bringing-Youth-Into-Fundraising.jpg",450,300,false],"newspack-article-block-square-intermediate":["https:\/\/headandhands.ca\/wp-content\/uploads\/2018\/12\/Bringing-Youth-Into-Fundraising.jpg",600,400,false],"newspack-article-block-landscape-small":["https:\/\/headandhands.ca\/wp-content\/uploads\/2018\/12\/Bringing-Youth-Into-Fundraising.jpg",400,267,false],"newspack-article-block-portrait-small":["https:\/\/headandhands.ca\/wp-content\/uploads\/2018\/12\/Bringing-Youth-Into-Fundraising.jpg",300,200,false],"newspack-article-block-square-small":["https:\/\/headandhands.ca\/wp-content\/uploads\/2018\/12\/Bringing-Youth-Into-Fundraising.jpg",400,267,false],"newspack-article-block-landscape-tiny":["https:\/\/headandhands.ca\/wp-content\/uploads\/2018\/12\/Bringing-Youth-Into-Fundraising.jpg",200,133,false],"newspack-article-block-portrait-tiny":["https:\/\/headandhands.ca\/wp-content\/uploads\/2018\/12\/Bringing-Youth-Into-Fundraising.jpg",150,100,false],"newspack-article-block-square-tiny":["https:\/\/headandhands.ca\/wp-content\/uploads\/2018\/12\/Bringing-Youth-Into-Fundraising.jpg",200,133,false],"newspack-article-block-uncropped":["https:\/\/headandhands.ca\/wp-content\/uploads\/2018\/12\/Bringing-Youth-Into-Fundraising.jpg",960,640,false]},"rttpg_author":{"display_name":"headandhands","author_link":"https:\/\/headandhands.ca\/fr\/author\/headandhands2\/"},"rttpg_comment":0,"rttpg_category":null,"rttpg_excerpt":"Solidarity Through Action Solidarity Through Action Why not channel all that creative energy toward organizing a special event or fundraiser that will benefit your favourite youth organization? Head &amp; Hands\u2019 third-party fundraising campaign, Solidarity Through Action, provides you the opportunity to organize an event or fundraising campaign on our behalf! These fundraising activities held by&hellip;","_links":{"self":[{"href":"https:\/\/headandhands.ca\/fr\/wp-json\/wp\/v2\/pages\/111","targetHints":{"allow":["GET"]}}],"collection":[{"href":"https:\/\/headandhands.ca\/fr\/wp-json\/wp\/v2\/pages"}],"about":[{"href":"https:\/\/headandhands.ca\/fr\/wp-json\/wp\/v2\/types\/page"}],"author":[{"embeddable":true,"href":"https:\/\/headandhands.ca\/fr\/wp-json\/wp\/v2\/users\/1"}],"replies":[{"embeddable":true,"href":"https:\/\/headandhands.ca\/fr\/wp-json\/wp\/v2\/comments?post=111"}],"version-history":[{"count":42,"href":"https:\/\/headandhands.ca\/fr\/wp-json\/wp\/v2\/pages\/111\/revisions"}],"predecessor-version":[{"id":9275,"href":"https:\/\/headandhands.ca\/fr\/wp-json\/wp\/v2\/pages\/111\/revisions\/9275"}],"up":[{"embeddable":true,"href":"https:\/\/headandhands.ca\/fr\/wp-json\/wp\/v2\/pages\/103"}],"wp:featuredmedia":[{"embeddable":true,"href":"https:\/\/headandhands.ca\/fr\/wp-json\/wp\/v2\/media\/291"}],"wp:attachment":[{"href":"https:\/\/headandhands.ca\/fr\/wp-json\/wp\/v2\/media?parent=111"}],"curies":[{"name":"wp","href":"https:\/\/api.w.org\/{rel}","templated":true}]}}